{"id":43,"date":"2026-04-23T08:03:17","date_gmt":"2026-04-23T08:03:17","guid":{"rendered":"https:\/\/elmoutour.tn\/?page_id=43"},"modified":"2026-04-23T08:03:41","modified_gmt":"2026-04-23T08:03:41","slug":"sym","status":"publish","type":"page","link":"https:\/\/elmoutour.tn\/?page_id=43","title":{"rendered":"SYM"},"content":{"rendered":"\n<h2 class=\"wp-block-heading\">Historique et Cr\u00e9ation de SYM: <\/h2>\n\n\n\n<p>Fond\u00e9e en 1954 \u00e0 Ta\u00efwan sous le nom de <strong>Sanyang Motor Co., Ltd<\/strong>., SYM a d\u00e9but\u00e9 son aventure industrielle en produisant des g\u00e9n\u00e9rateurs de lumi\u00e8re pour v\u00e9los avant de devenir un g\u00e9ant mondial du deux-roues. Son si\u00e8ge social est toujours bas\u00e9 \u00e0 Hukou, Ta\u00efwan.<\/p>\n\n\n\n<h2 class=\"wp-block-heading\">Pr\u00e9sence R\u00e9gionale de SYM: <\/h2>\n\n\n\n<p>En Afrique du Nord, et plus particuli\u00e8rement en Tunisie, <strong>SYM <\/strong>s\u2019est impos\u00e9e comme la marque de r\u00e9f\u00e9rence. Elle a su capter le march\u00e9 de la \u00ab moto quotidienne \u00bb gr\u00e2ce \u00e0 une strat\u00e9gie ax\u00e9e sur le rapport qualit\u00e9-prix et un r\u00e9seau de distribution officiel tr\u00e8s dense. La marque est devenue le choix num\u00e9ro un des professionnels de la livraison et des jeunes citadins.<\/p>\n\n\n\n<h2 class=\"wp-block-heading\">Chiffres Cl\u00e9s et Mod\u00e8les :<\/h2>\n\n\n\n<h3 class=\"wp-block-heading\">Nombre de mod\u00e8les :<\/h3>\n\n\n\n<p>La gamme est vaste, couvrant les scooters 50cc, 125cc et plus, ainsi que des motos et des mod\u00e8les &#8220;underbone&#8221;.<br>Mod\u00e8les phares en Tunisie : Le Symphony (SR et ST), l&#8217;Orbit (tr\u00e8s pris\u00e9 par les livreurs) et le Jet 14.<\/p>\n\n\n\n<h3 class=\"wp-block-heading\">Production : <\/h3>\n\n\n\n<p>SYM produit des centaines de milliers d&#8217;unit\u00e9s par an \u00e0 l&#8217;\u00e9chelle mondiale, exportant vers plus de 90 pays. En Tunisie, elle occupe r\u00e9guli\u00e8rement la premi\u00e8re place des ventes de scooters neufs.<\/p>\n","protected":false},"excerpt":{"rendered":"<p>Historique et Cr\u00e9ation de SYM: Fond\u00e9e en 1954 \u00e0 Ta\u00efwan sous le nom de Sanyang Motor Co., Ltd., SYM a d\u00e9but\u00e9 son aventure industrielle en produisant des g\u00e9n\u00e9rateurs de lumi\u00e8re pour v\u00e9los avant de devenir un g\u00e9ant mondial du deux-roues. Son si\u00e8ge social est toujours bas\u00e9 \u00e0 Hukou, Ta\u00efwan. Pr\u00e9sence R\u00e9gionale de SYM: En Afrique [&hellip;]<\/p>\n","protected":false},"author":1,"featured_media":0,"parent":0,"menu_order":0,"comment_status":"closed","ping_status":"closed","template":"","meta":{"_et_pb_use_builder":"off","_et_pb_old_content":"","_et_gb_content_width":"","footnotes":""},"class_list":["post-43","page","type-page","status-publish","hentry"],"_links":{"self":[{"href":"https:\/\/elmoutour.tn\/index.php?rest_route=\/wp\/v2\/pages\/43","targetHints":{"allow":["GET"]}}],"collection":[{"href":"https:\/\/elmoutour.tn\/index.php?rest_route=\/wp\/v2\/pages"}],"about":[{"href":"https:\/\/elmoutour.tn\/index.php?rest_route=\/wp\/v2\/types\/page"}],"author":[{"embeddable":true,"href":"https:\/\/elmoutour.tn\/index.php?rest_route=\/wp\/v2\/users\/1"}],"replies":[{"embeddable":true,"href":"https:\/\/elmoutour.tn\/index.php?rest_route=%2Fwp%2Fv2%2Fcomments&post=43"}],"version-history":[{"count":2,"href":"https:\/\/elmoutour.tn\/index.php?rest_route=\/wp\/v2\/pages\/43\/revisions"}],"predecessor-version":[{"id":45,"href":"https:\/\/elmoutour.tn\/index.php?rest_route=\/wp\/v2\/pages\/43\/revisions\/45"}],"wp:attachment":[{"href":"https:\/\/elmoutour.tn\/index.php?rest_route=%2Fwp%2Fv2%2Fmedia&parent=43"}],"curies":[{"name":"wp","href":"https:\/\/api.w.org\/{rel}","templated":true}]}}